{"id":107,"date":"2015-03-19T14:59:46","date_gmt":"2015-03-19T13:59:46","guid":{"rendered":"http:\/\/www.karate-bry.fr\/?page_id=107"},"modified":"2019-01-29T17:50:19","modified_gmt":"2019-01-29T16:50:19","slug":"stages","status":"publish","type":"page","link":"https:\/\/www.karate-bry.fr\/?page_id=107","title":{"rendered":"Stages"},"content":{"rendered":"<p>Liste des stages \u00e0 venir :<\/p>\n<ul>\n<li><a href=\"https:\/\/www.karate-bry.fr\/?page_id=752\">Stage informatif des grades du 1er au 4e DAN<\/a> avec J\u00e9r\u00f4me Frigout le jeudi 7 f\u00e9vrier 2019 de 20h15 \u00e0 22h00 \u00e0 Bry.<\/li>\n<\/ul>\n<p>Liste des stages pass\u00e9s :<\/p>\n<ul>\n<li><a title=\"Oshiro Colibry 2018\" href=\"http:\/\/www.karate-bry.fr\/?page_id=617\">Stage avec Sense\u00ef Oshiro 8e DAN<\/a> le lundi 10 d\u00e9cembre 2018 (\u00e0 Bry) de 20h15 \u00e0 22h00<\/li>\n<li><a title=\"JP Lavorato 2018 Bry\" href=\"http:\/\/www.karate-bry.fr\/?page_id=285\">Stage avec Jean-Pierre Lavorato<\/a> le jeudi 15 mars 2018 (\u00e0 Bry) de 20h30 \u00e0 22h00<\/li>\n<li><a title=\"JP Lavorato 2018 Nogent\" href=\"http:\/\/www.karate-bry.fr\/?page_id=276\">Stage avec Jean-Pierre Lavorato<\/a> le mercredi 14 mars 2018 (\u00e0 Nogent) de 19h30 \u00e0 21h00<\/li>\n<li><a title=\"Infos grades novembre 2017\" href=\"http:\/\/www.karate-bry.fr\/?page_id=322\">Stage d&rsquo;informations sur le passage de grades<\/a> jeudi 30 novembre 2017 de 20h30 \u00e0 22h00 au Dojo de Bry-sur-Marne.<\/li>\n<li><a title=\"Restos du c\u0153ur d\u00e9cembre 2017\" href=\"http:\/\/www.karate-bry.fr\/?page_id=309\">Stage en faveur des restaurants du C\u0153ur<\/a> vendredi 1er d\u00e9cembre 2017 de 20h00 \u00e0 22h00 sous la direction de Christian Clause 8\u00e8me DAN, au Dojo de Nogent-sur-Marne.<\/li>\n<li><a title=\"Restos du c\u0153ur mars 2017\" href=\"http:\/\/www.karate-bry.fr\/?page_id=239\">Stage en faveur des restaurants du C\u0153ur<\/a> vendredi 3 mars 2017 de 20h00 \u00e0 22h00 sous la direction de Jean-Louis Morel 8\u00e8me DAN, au Dojo de Nogent-sur-Marne.<\/li>\n<li><a title=\"Pierre Berthier 2016\" href=\"http:\/\/www.karate-bry.fr\/?page_id=210\">stage dirig\u00e9 par Pierre Berthier<\/a> (8\u00e8me DAN), le jeudi 17 novembre 2016 \u00e0 20h30 au Dojo de Bry-sur-Marne<\/li>\n<li><a href=\"http:\/\/www.karate-bry.fr\/?page_id=118\">Stage d\u2019\u00e9t\u00e9<\/a> (Kihon, Kata, Bunka\u00ef) du 6 au 10 juillet 2015 avec S\u00e9bastien Bonnot.<\/li>\n<li><a title=\"Restos du c\u0153ur\" href=\"http:\/\/www.karate-bry.fr\/?page_id=110\">Stage en faveur des Restos du C\u0153ur<\/a> sous la direction de Christian Clause 8\u00e8me DAN, le 28 novembre 2014.<\/li>\n<\/ul>\n","protected":false},"excerpt":{"rendered":"<p>Liste des stages \u00e0 venir : Stage informatif des grades du 1er au 4e DAN avec J\u00e9r\u00f4me Frigout le jeudi 7 f\u00e9vrier 2019 de 20h15 \u00e0 22h00 \u00e0 Bry. Liste des stages pass\u00e9s : Stage avec Sense\u00ef Oshiro 8e DAN le lundi 10 d\u00e9cembre 2018 (\u00e0 Bry) de 20h15 \u00e0 22h00 Stage avec Jean-Pierre Lavorato [&hellip;]<\/p>\n","protected":false},"author":1,"featured_media":0,"parent":0,"menu_order":0,"comment_status":"closed","ping_status":"open","template":"","meta":{"ngg_post_thumbnail":0,"footnotes":""},"_links":{"self":[{"href":"https:\/\/www.karate-bry.fr\/index.php?rest_route=\/wp\/v2\/pages\/107"}],"collection":[{"href":"https:\/\/www.karate-bry.fr\/index.php?rest_route=\/wp\/v2\/pages"}],"about":[{"href":"https:\/\/www.karate-bry.fr\/index.php?rest_route=\/wp\/v2\/types\/page"}],"author":[{"embeddable":true,"href":"https:\/\/www.karate-bry.fr\/index.php?rest_route=\/wp\/v2\/users\/1"}],"replies":[{"embeddable":true,"href":"https:\/\/www.karate-bry.fr\/index.php?rest_route=%2Fwp%2Fv2%2Fcomments&post=107"}],"version-history":[{"count":20,"href":"https:\/\/www.karate-bry.fr\/index.php?rest_route=\/wp\/v2\/pages\/107\/revisions"}],"predecessor-version":[{"id":756,"href":"https:\/\/www.karate-bry.fr\/index.php?rest_route=\/wp\/v2\/pages\/107\/revisions\/756"}],"wp:attachment":[{"href":"https:\/\/www.karate-bry.fr\/index.php?rest_route=%2Fwp%2Fv2%2Fmedia&parent=107"}],"curies":[{"name":"wp","href":"https:\/\/api.w.org\/{rel}","templated":true}]}}