{"id":397,"date":"2018-01-13T18:14:58","date_gmt":"2018-01-13T17:14:58","guid":{"rendered":"http:\/\/www.karate-bry.fr\/?page_id=397"},"modified":"2019-01-21T17:06:33","modified_gmt":"2019-01-21T16:06:33","slug":"gallerie","status":"publish","type":"page","link":"https:\/\/www.karate-bry.fr\/?page_id=397","title":{"rendered":"Galeries photos et vid\u00e9os"},"content":{"rendered":"\n<p><a href=\"https:\/\/www.karate-bry.fr\/?page_id=696\">Passage de grades du club &#8211; janvier 2019<\/a> (r\u00e9serv\u00e9 aux membres)<\/p>\n\n\n\n<p><a href=\"https:\/\/www.karate-bry.fr\/?page_id=402\">Passage de grades du club &#8211; janvier 2018<\/a> (r\u00e9serv\u00e9 aux membres)<\/p>\n","protected":false},"excerpt":{"rendered":"<p>Passage de grades du club &#8211; janvier 2019 (r\u00e9serv\u00e9 aux membres) Passage de grades du club &#8211; janvier 2018 (r\u00e9serv\u00e9 aux membres)<\/p>\n","protected":false},"author":1,"featured_media":0,"parent":0,"menu_order":0,"comment_status":"closed","ping_status":"closed","template":"","meta":{"ngg_post_thumbnail":0,"footnotes":""},"_links":{"self":[{"href":"https:\/\/www.karate-bry.fr\/index.php?rest_route=\/wp\/v2\/pages\/397"}],"collection":[{"href":"https:\/\/www.karate-bry.fr\/index.php?rest_route=\/wp\/v2\/pages"}],"about":[{"href":"https:\/\/www.karate-bry.fr\/index.php?rest_route=\/wp\/v2\/types\/page"}],"author":[{"embeddable":true,"href":"https:\/\/www.karate-bry.fr\/index.php?rest_route=\/wp\/v2\/users\/1"}],"replies":[{"embeddable":true,"href":"https:\/\/www.karate-bry.fr\/index.php?rest_route=%2Fwp%2Fv2%2Fcomments&post=397"}],"version-history":[{"count":11,"href":"https:\/\/www.karate-bry.fr\/index.php?rest_route=\/wp\/v2\/pages\/397\/revisions"}],"predecessor-version":[{"id":748,"href":"https:\/\/www.karate-bry.fr\/index.php?rest_route=\/wp\/v2\/pages\/397\/revisions\/748"}],"wp:attachment":[{"href":"https:\/\/www.karate-bry.fr\/index.php?rest_route=%2Fwp%2Fv2%2Fmedia&parent=397"}],"curies":[{"name":"wp","href":"https:\/\/api.w.org\/{rel}","templated":true}]}}