{"id":7,"date":"2015-01-02T11:32:28","date_gmt":"2015-01-02T11:32:28","guid":{"rendered":"http:\/\/karate-bry.fr\/wpress\/?page_id=7"},"modified":"2015-03-01T22:54:18","modified_gmt":"2015-03-01T21:54:18","slug":"acces","status":"publish","type":"page","link":"https:\/\/www.karate-bry.fr\/?page_id=7","title":{"rendered":"Acc\u00e8s"},"content":{"rendered":"<p>Les cours ont lieu au Dojo de la P\u00e9pini\u00e8re :<\/p>\n<p>Salle Ren\u00e9 Decroix<br \/>\n72 avenue de la R\u00e9publique<br \/>\n<span class=\"crayon contact-code_postal-820 postal-code\">94360<\/span> <span class=\"crayon contact-commune-820 locality\"> Bry-sur-Marne<\/span><\/p>\n<p>Itin\u00e9raire \u00e0 pied depuis la station de RER A \u00ab\u00a0Bry-sur-Marne\u00a0\u00bb :<br \/>\n<iframe loading=\"lazy\" src=\"https:\/\/www.google.com\/maps\/embed?pb=!1m29!1m12!1m3!1d5251.336843244468!2d2.51689144090693!3d48.845463068546664!2m3!1f0!2f0!3f0!3m2!1i1024!2i768!4f13.1!4m14!1i0!3e2!4m5!1s0x47e60df2fb9b1ec1%3A0x13d4f5c7fb7c8162!2sGare+RER+de+Bry-sur-Marne%2C+56+Boulevard+du+G%C3%A9n%C3%A9ral+Gallieni%2C+94360+Bry-sur-Marne!3m2!1d48.844348!2d2.526233!4m5!1s0x47e60d8ebf7681c1%3A0x1b330367b5eee1b!2s72+Rue+de+la+R%C3%A9publique%2C+94360+Bry-sur-Marne%2C+France!3m2!1d48.8464763!2d2.5168025999999997!5e0!3m2!1sfr!2sfr!4v1425245536374\" width=\"600\" height=\"400\" frameborder=\"0\" style=\"border:0\"><\/iframe><\/p>\n<p>Itin\u00e9raire \u00e0 pied depuis la station de RER A \u00ab\u00a0Neuilly-Plaisance\u00a0\u00bb :<br \/>\n<iframe loading=\"lazy\" src=\"https:\/\/www.google.com\/maps\/embed?pb=!1m29!1m12!1m3!1d5250.868837493315!2d2.5118671909077057!3d48.849925967919376!2m3!1f0!2f0!3f0!3m2!1i1024!2i768!4f13.1!4m14!1i0!3e2!4m5!1s0x47e61277e55e2edb%3A0xfecd5c1a004d2a19!2sNeuilly+-+Plaisance!3m2!1d48.853282!2d2.513902!4m5!1s0x47e60d8ebf7681c1%3A0x1b330367b5eee1b!2s72+Rue+de+la+R%C3%A9publique%2C+94360+Bry-sur-Marne%2C+France!3m2!1d48.8464763!2d2.5168025999999997!5e0!3m2!1sfr!2sfr!4v1425246009991\" width=\"600\" height=\"400\" frameborder=\"0\" style=\"border:0\"><\/iframe><\/p>\n<p>Itin\u00e9raire en voiture depuis la sortie \u00ab\u00a0Bry-sur-Marne\u00a0\u00bb de l&rsquo;autoroute A4 (sens Paris-Province) :<br \/>\n<iframe loading=\"lazy\" src=\"https:\/\/www.google.com\/maps\/embed?pb=!1m27!1m12!1m3!1d21009.216420258625!2d2.512991688037019!3d48.83623830392928!2m3!1f0!2f0!3f0!3m2!1i1024!2i768!4f13.1!4m12!1i0!3e0!4m3!3m2!1d48.8269576!2d2.5092129!4m5!1s0x47e60d8ebf7681c1%3A0x1b330367b5eee1b!2s72+Rue+de+la+R%C3%A9publique%2C+94360+Bry-sur-Marne%2C+France!3m2!1d48.8464763!2d2.5168025999999997!5e0!3m2!1sfr!2sfr!4v1425246394723\" width=\"600\" height=\"400\" frameborder=\"0\" style=\"border:0\"><\/iframe><\/p>\n<p>Itin\u00e9raire en voiture depuis la sortie \u00ab\u00a0Noisy-Le-Grand\u00a0\u00bb de l&rsquo;autoroute A4 (sens Province-Paris) :<br \/>\n<iframe loading=\"lazy\" src=\"https:\/\/www.google.com\/maps\/embed?pb=!1m27!1m12!1m3!1d21006.73273525905!2d2.5199487487352874!3d48.842160171805176!2m3!1f0!2f0!3f0!3m2!1i1024!2i768!4f13.1!4m12!1i0!3e0!4m3!3m2!1d48.836301899999995!2d2.554405!4m5!1s0x47e60d8ebf7681c1%3A0x1b330367b5eee1b!2s72+Rue+de+la+R%C3%A9publique%2C+94360+Bry-sur-Marne%2C+France!3m2!1d48.8464763!2d2.5168025999999997!5e0!3m2!1sfr!2sfr!4v1425246723853\" width=\"600\" height=\"400\" frameborder=\"0\" style=\"border:0\"><\/iframe><\/p>\n","protected":false},"excerpt":{"rendered":"<p>Les cours ont lieu au Dojo de la P\u00e9pini\u00e8re : Salle Ren\u00e9 Decroix 72 avenue de la R\u00e9publique 94360 Bry-sur-Marne Itin\u00e9raire \u00e0 pied depuis la station de RER A \u00ab\u00a0Bry-sur-Marne\u00a0\u00bb : Itin\u00e9raire \u00e0 pied depuis la station de RER A \u00ab\u00a0Neuilly-Plaisance\u00a0\u00bb : Itin\u00e9raire en voiture depuis la sortie \u00ab\u00a0Bry-sur-Marne\u00a0\u00bb de l&rsquo;autoroute A4 (sens Paris-Province) : [&hellip;]<\/p>\n","protected":false},"author":1,"featured_media":0,"parent":4,"menu_order":0,"comment_status":"open","ping_status":"open","template":"","meta":{"ngg_post_thumbnail":0,"footnotes":""},"_links":{"self":[{"href":"https:\/\/www.karate-bry.fr\/index.php?rest_route=\/wp\/v2\/pages\/7"}],"collection":[{"href":"https:\/\/www.karate-bry.fr\/index.php?rest_route=\/wp\/v2\/pages"}],"about":[{"href":"https:\/\/www.karate-bry.fr\/index.php?rest_route=\/wp\/v2\/types\/page"}],"author":[{"embeddable":true,"href":"https:\/\/www.karate-bry.fr\/index.php?rest_route=\/wp\/v2\/users\/1"}],"replies":[{"embeddable":true,"href":"https:\/\/www.karate-bry.fr\/index.php?rest_route=%2Fwp%2Fv2%2Fcomments&post=7"}],"version-history":[{"count":9,"href":"https:\/\/www.karate-bry.fr\/index.php?rest_route=\/wp\/v2\/pages\/7\/revisions"}],"predecessor-version":[{"id":88,"href":"https:\/\/www.karate-bry.fr\/index.php?rest_route=\/wp\/v2\/pages\/7\/revisions\/88"}],"up":[{"embeddable":true,"href":"https:\/\/www.karate-bry.fr\/index.php?rest_route=\/wp\/v2\/pages\/4"}],"wp:attachment":[{"href":"https:\/\/www.karate-bry.fr\/index.php?rest_route=%2Fwp%2Fv2%2Fmedia&parent=7"}],"curies":[{"name":"wp","href":"https:\/\/api.w.org\/{rel}","templated":true}]}}